{"id":14,"date":"2019-10-13T16:03:20","date_gmt":"2019-10-13T14:03:20","guid":{"rendered":"http:\/\/lymphspezialisten.de\/lymphspezialisten.de\/?page_id=14"},"modified":"2023-11-21T00:02:55","modified_gmt":"2023-11-20T23:02:55","slug":"herzlich-willkommen","status":"publish","type":"page","link":"https:\/\/lymphspezialisten.de\/","title":{"rendered":"Herzlich Willkommen"},"content":{"rendered":"\n<div id=\"metaslider-id-130\" style=\"width: 100%;\" class=\"ml-slider-3-106-0 metaslider metaslider-flex metaslider-130 ml-slider has-dots-nav has-carousel-mode ms-theme-default\" role=\"region\" aria-label=\"New Slideshow\" data-height=\"500\" data-width=\"700\">\n    <div id=\"metaslider_container_130\">\n        <div id=\"metaslider_130\">\n            <ul class='slides'>\n            <\/ul>\n        <\/div>\n        \n    <\/div>\n<\/div>\n\n\n\n<p class=\"has-text-align-center\"><strong>!!!Wir ziehen um!!!<\/strong><\/p>\n\n\n\n<p>Ab dem 7.8.2023 freuen wir uns darauf, Sie in unseren neuen R\u00e4umlichkeiten unter folgender  Adresse zu begr\u00fc\u00dfen:<\/p>\n\n\n\n<p class=\"has-text-align-center\"><strong>Bei der Rolandsm\u00fchle 6<\/strong><\/p>\n\n\n\n<p class=\"has-text-align-center\"><strong>22763 Hamburg<\/strong><\/p>\n\n\n\n<p><\/p>\n\n\n\n<p><\/p>\n\n\n\n<p><\/p>\n\n\n\n<p>Ihr Lymphspezialisten-Team<\/p>\n\n\n\n<hr class=\"wp-block-separator has-css-opacity\"\/>\n\n\n\n<p>Herzlich willkommen auf der Homepage der Lymphspezialisten, Ihrer Praxis f\u00fcr Physiotherapie, Krankengymnastik und Lymphtherapie!<\/p>\n\n\n\n<p>Wir sind Mitglied des Hamburger Lymphnetzes.<\/p>\n\n\n\n<p>Termine k\u00f6nnen Sie telefonisch unter <strong>040 \/ 855 085 19<\/strong> vereinbaren!<\/p>\n\n\n\n<p>Wir freuen uns auf Sie!<\/p>\n\n\n\n<p>Ihr Praxisteam<\/p>\n","protected":false},"excerpt":{"rendered":"<p>!!!Wir ziehen um!!! Ab dem 7.8.2023 freuen wir uns darauf, Sie in unseren neuen R\u00e4umlichkeiten unter folgender Adresse zu begr\u00fc\u00dfen: Bei der Rolandsm\u00fchle 6 22763 Hamburg Ihr Lymphspezialisten-Team Herzlich willkommen auf der Homepage der Lymphspezialisten, Ihrer Praxis f\u00fcr Physiotherapie, Krankengymnastik und Lymphtherapie! Wir sind Mitglied des Hamburger Lymphnetzes. Termine k\u00f6nnen Sie telefonisch unter 040 \/ [&hellip;]<\/p>\n","protected":false},"author":1,"featured_media":0,"parent":0,"menu_order":0,"comment_status":"closed","ping_status":"closed","template":"","meta":{"footnotes":""},"class_list":["post-14","page","type-page","status-publish","hentry"],"_links":{"self":[{"href":"https:\/\/lymphspezialisten.de\/index.php?rest_route=\/wp\/v2\/pages\/14","targetHints":{"allow":["GET"]}}],"collection":[{"href":"https:\/\/lymphspezialisten.de\/index.php?rest_route=\/wp\/v2\/pages"}],"about":[{"href":"https:\/\/lymphspezialisten.de\/index.php?rest_route=\/wp\/v2\/types\/page"}],"author":[{"embeddable":true,"href":"https:\/\/lymphspezialisten.de\/index.php?rest_route=\/wp\/v2\/users\/1"}],"replies":[{"embeddable":true,"href":"https:\/\/lymphspezialisten.de\/index.php?rest_route=%2Fwp%2Fv2%2Fcomments&post=14"}],"version-history":[{"count":15,"href":"https:\/\/lymphspezialisten.de\/index.php?rest_route=\/wp\/v2\/pages\/14\/revisions"}],"predecessor-version":[{"id":195,"href":"https:\/\/lymphspezialisten.de\/index.php?rest_route=\/wp\/v2\/pages\/14\/revisions\/195"}],"wp:attachment":[{"href":"https:\/\/lymphspezialisten.de\/index.php?rest_route=%2Fwp%2Fv2%2Fmedia&parent=14"}],"curies":[{"name":"wp","href":"https:\/\/api.w.org\/{rel}","templated":true}]}}