{"id":58,"date":"2019-10-13T17:08:40","date_gmt":"2019-10-13T15:08:40","guid":{"rendered":"http:\/\/lymphspezialisten.de\/lymphspezialisten.de\/?page_id=58"},"modified":"2019-10-14T20:23:03","modified_gmt":"2019-10-14T18:23:03","slug":"angebote","status":"publish","type":"page","link":"https:\/\/lymphspezialisten.de\/?page_id=58","title":{"rendered":"Angebote"},"content":{"rendered":"\n<h2 class=\"wp-block-heading\">Therapie<\/h2>\n\n\n\n<ul class=\"wp-block-list\"><li>Manuelle Therapie<\/li><li>Allgemeine Krankengymnastik<\/li><li>Krankengymnastik ZNS<\/li><li>Sportphysiotherapie<\/li><li>Kinesio-, Lymph- und Medi-Taping<\/li><li>Enstauungsgymnastik \/ Venentraining<\/li><li>Manuelle Lymphdrainage<\/li><li>Gelenkdrainage<\/li><li>Kompressionstherapie<\/li><li>Intermittierende apparative Kompressionstherapie<\/li><li>W\u00e4rme- und K\u00e4lteanwendungen<\/li><li>Klassische Massage<\/li><li>Bindegewebsmassage<\/li><li>Marnitztherapie<\/li><li>Faszienbehandlung<\/li><\/ul>\n\n\n\n<p>Unser physiotherapeutisches Angebot f\u00fcr Sie:<\/p>\n\n\n\n<p>Bei Bedarf k\u00f6nnen die Behandlungen nach Absprache auch als Hausbesuche stattfinden!<\/p>\n\n\n\n<h2 class=\"wp-block-heading\">Entspannung und Pr\u00e4vention<\/h2>\n\n\n\n<ul class=\"wp-block-list\"><li>Massage mit W\u00e4rme<\/li><li>Garshan-Massage<\/li><li>Fu\u00dfreflexzonentherapie<\/li><li>Thai-Massage<\/li><li>Wassergymnastik Aqua-Fit*<\/li><\/ul>\n\n\n\n<p>Die Kosten f\u00fcr das Pr\u00e4ventionsangebot Aqua-Fit k\u00f6nnen von den Krankenkassen \u00fcbernommen werden. Bitte erfragen Sie dies vorab bei Ihrer zust\u00e4ndigen Kasse.<\/p>\n\n\n\n<p><em>*Zur Zeit nicht im Programm<\/em><\/p>\n","protected":false},"excerpt":{"rendered":"<p>Therapie Manuelle Therapie Allgemeine Krankengymnastik Krankengymnastik ZNS Sportphysiotherapie Kinesio-, Lymph- und Medi-Taping Enstauungsgymnastik \/ Venentraining Manuelle Lymphdrainage Gelenkdrainage Kompressionstherapie Intermittierende apparative Kompressionstherapie W\u00e4rme- und K\u00e4lteanwendungen Klassische Massage Bindegewebsmassage Marnitztherapie Faszienbehandlung Unser physiotherapeutisches Angebot f\u00fcr Sie: Bei Bedarf k\u00f6nnen die Behandlungen nach Absprache auch als Hausbesuche stattfinden! Entspannung und Pr\u00e4vention Massage mit W\u00e4rme Garshan-Massage Fu\u00dfreflexzonentherapie Thai-Massage [&hellip;]<\/p>\n","protected":false},"author":1,"featured_media":0,"parent":0,"menu_order":0,"comment_status":"closed","ping_status":"closed","template":"","meta":{"footnotes":""},"class_list":["post-58","page","type-page","status-publish","hentry"],"_links":{"self":[{"href":"https:\/\/lymphspezialisten.de\/index.php?rest_route=\/wp\/v2\/pages\/58","targetHints":{"allow":["GET"]}}],"collection":[{"href":"https:\/\/lymphspezialisten.de\/index.php?rest_route=\/wp\/v2\/pages"}],"about":[{"href":"https:\/\/lymphspezialisten.de\/index.php?rest_route=\/wp\/v2\/types\/page"}],"author":[{"embeddable":true,"href":"https:\/\/lymphspezialisten.de\/index.php?rest_route=\/wp\/v2\/users\/1"}],"replies":[{"embeddable":true,"href":"https:\/\/lymphspezialisten.de\/index.php?rest_route=%2Fwp%2Fv2%2Fcomments&post=58"}],"version-history":[{"count":3,"href":"https:\/\/lymphspezialisten.de\/index.php?rest_route=\/wp\/v2\/pages\/58\/revisions"}],"predecessor-version":[{"id":157,"href":"https:\/\/lymphspezialisten.de\/index.php?rest_route=\/wp\/v2\/pages\/58\/revisions\/157"}],"wp:attachment":[{"href":"https:\/\/lymphspezialisten.de\/index.php?rest_route=%2Fwp%2Fv2%2Fmedia&parent=58"}],"curies":[{"name":"wp","href":"https:\/\/api.w.org\/{rel}","templated":true}]}}