{"id":61,"date":"2019-10-13T17:13:45","date_gmt":"2019-10-13T15:13:45","guid":{"rendered":"http:\/\/lymphspezialisten.de\/lymphspezialisten.de\/?page_id=61"},"modified":"2024-03-15T22:00:05","modified_gmt":"2024-03-15T21:00:05","slug":"praxis","status":"publish","type":"page","link":"https:\/\/lymphspezialisten.de\/?page_id=61","title":{"rendered":"Praxis"},"content":{"rendered":"\n<p>Die Praxis der Lymphspezialisten befindet sich in verkehrsg\u00fcnstiger Lage im Herzen Altonas. <\/p>\n\n\n\n<p>Nachdem Sie im Eingangsbereich freundlich empfangen wurden, k\u00f6nnen Sie im gro\u00dfz\u00fcgigen Wartebereich Platz nehmen.<\/p>\n\n\n\n<p>Wir behandeln Sie in neun hellen, modern ausgestatteten Therapier\u00e4umen in entspannter Atmosph\u00e4re.<\/p>\n\n\n\n<p><\/p>\n\n\n\n<figure class=\"wp-block-image size-large is-resized\"><img loading=\"lazy\" decoding=\"async\" src=\"https:\/\/lymphspezialisten.de\/lymphspezialisten.de\/wp-content\/uploads\/2024\/03\/1000027340-1-1024x768.jpg\" alt=\"\" class=\"wp-image-229\" width=\"762\" height=\"571\" srcset=\"https:\/\/lymphspezialisten.de\/lymphspezialisten.de\/wp-content\/uploads\/2024\/03\/1000027340-1-1024x768.jpg 1024w, https:\/\/lymphspezialisten.de\/lymphspezialisten.de\/wp-content\/uploads\/2024\/03\/1000027340-1-300x225.jpg 300w, https:\/\/lymphspezialisten.de\/lymphspezialisten.de\/wp-content\/uploads\/2024\/03\/1000027340-1-768x576.jpg 768w, https:\/\/lymphspezialisten.de\/lymphspezialisten.de\/wp-content\/uploads\/2024\/03\/1000027340-1-1536x1152.jpg 1536w, https:\/\/lymphspezialisten.de\/lymphspezialisten.de\/wp-content\/uploads\/2024\/03\/1000027340-1.jpg 2000w\" sizes=\"auto, (max-width: 762px) 100vw, 762px\" \/><\/figure>\n\n\n\n<figure class=\"wp-block-image size-large is-resized\"><img loading=\"lazy\" decoding=\"async\" src=\"https:\/\/lymphspezialisten.de\/lymphspezialisten.de\/wp-content\/uploads\/2024\/03\/1000027343-1024x768.jpg\" alt=\"\" class=\"wp-image-230\" width=\"759\" height=\"569\" srcset=\"https:\/\/lymphspezialisten.de\/lymphspezialisten.de\/wp-content\/uploads\/2024\/03\/1000027343-1024x768.jpg 1024w, https:\/\/lymphspezialisten.de\/lymphspezialisten.de\/wp-content\/uploads\/2024\/03\/1000027343-300x225.jpg 300w, https:\/\/lymphspezialisten.de\/lymphspezialisten.de\/wp-content\/uploads\/2024\/03\/1000027343-768x576.jpg 768w, https:\/\/lymphspezialisten.de\/lymphspezialisten.de\/wp-content\/uploads\/2024\/03\/1000027343-1536x1152.jpg 1536w, https:\/\/lymphspezialisten.de\/lymphspezialisten.de\/wp-content\/uploads\/2024\/03\/1000027343.jpg 2000w\" sizes=\"auto, (max-width: 759px) 100vw, 759px\" \/><\/figure>\n\n\n\n<figure class=\"wp-block-gallery has-nested-images columns-3 is-cropped wp-block-gallery-1 is-layout-flex wp-block-gallery-is-layout-flex\">\n<figure class=\"wp-block-image size-large\"><img loading=\"lazy\" decoding=\"async\" width=\"768\" height=\"1024\" data-id=\"244\" src=\"https:\/\/lymphspezialisten.de\/lymphspezialisten.de\/wp-content\/uploads\/2024\/03\/1000027263-2-768x1024.jpg\" alt=\"\" class=\"wp-image-244\" srcset=\"https:\/\/lymphspezialisten.de\/lymphspezialisten.de\/wp-content\/uploads\/2024\/03\/1000027263-2-768x1024.jpg 768w, https:\/\/lymphspezialisten.de\/lymphspezialisten.de\/wp-content\/uploads\/2024\/03\/1000027263-2-225x300.jpg 225w, https:\/\/lymphspezialisten.de\/lymphspezialisten.de\/wp-content\/uploads\/2024\/03\/1000027263-2-1152x1536.jpg 1152w, https:\/\/lymphspezialisten.de\/lymphspezialisten.de\/wp-content\/uploads\/2024\/03\/1000027263-2.jpg 1500w\" sizes=\"auto, (max-width: 768px) 100vw, 768px\" \/><\/figure>\n\n\n\n<figure class=\"wp-block-image size-large\"><img loading=\"lazy\" decoding=\"async\" width=\"768\" height=\"1024\" data-id=\"245\" src=\"https:\/\/lymphspezialisten.de\/lymphspezialisten.de\/wp-content\/uploads\/2024\/03\/1000027308-1-768x1024.jpg\" alt=\"\" class=\"wp-image-245\" srcset=\"https:\/\/lymphspezialisten.de\/lymphspezialisten.de\/wp-content\/uploads\/2024\/03\/1000027308-1-768x1024.jpg 768w, https:\/\/lymphspezialisten.de\/lymphspezialisten.de\/wp-content\/uploads\/2024\/03\/1000027308-1-225x300.jpg 225w, https:\/\/lymphspezialisten.de\/lymphspezialisten.de\/wp-content\/uploads\/2024\/03\/1000027308-1-1152x1536.jpg 1152w, https:\/\/lymphspezialisten.de\/lymphspezialisten.de\/wp-content\/uploads\/2024\/03\/1000027308-1-1536x2048.jpg 1536w, https:\/\/lymphspezialisten.de\/lymphspezialisten.de\/wp-content\/uploads\/2024\/03\/1000027308-1-scaled.jpg 1920w\" sizes=\"auto, (max-width: 768px) 100vw, 768px\" \/><\/figure>\n<\/figure>\n\n\n\n<p><\/p>\n","protected":false},"excerpt":{"rendered":"<p>Die Praxis der Lymphspezialisten befindet sich in verkehrsg\u00fcnstiger Lage im Herzen Altonas. Nachdem Sie im Eingangsbereich freundlich empfangen wurden, k\u00f6nnen Sie im gro\u00dfz\u00fcgigen Wartebereich Platz nehmen. Wir behandeln Sie in neun hellen, modern ausgestatteten Therapier\u00e4umen in entspannter Atmosph\u00e4re.<\/p>\n","protected":false},"author":1,"featured_media":0,"parent":0,"menu_order":0,"comment_status":"closed","ping_status":"closed","template":"","meta":{"footnotes":""},"class_list":["post-61","page","type-page","status-publish","hentry"],"_links":{"self":[{"href":"https:\/\/lymphspezialisten.de\/index.php?rest_route=\/wp\/v2\/pages\/61","targetHints":{"allow":["GET"]}}],"collection":[{"href":"https:\/\/lymphspezialisten.de\/index.php?rest_route=\/wp\/v2\/pages"}],"about":[{"href":"https:\/\/lymphspezialisten.de\/index.php?rest_route=\/wp\/v2\/types\/page"}],"author":[{"embeddable":true,"href":"https:\/\/lymphspezialisten.de\/index.php?rest_route=\/wp\/v2\/users\/1"}],"replies":[{"embeddable":true,"href":"https:\/\/lymphspezialisten.de\/index.php?rest_route=%2Fwp%2Fv2%2Fcomments&post=61"}],"version-history":[{"count":16,"href":"https:\/\/lymphspezialisten.de\/index.php?rest_route=\/wp\/v2\/pages\/61\/revisions"}],"predecessor-version":[{"id":246,"href":"https:\/\/lymphspezialisten.de\/index.php?rest_route=\/wp\/v2\/pages\/61\/revisions\/246"}],"wp:attachment":[{"href":"https:\/\/lymphspezialisten.de\/index.php?rest_route=%2Fwp%2Fv2%2Fmedia&parent=61"}],"curies":[{"name":"wp","href":"https:\/\/api.w.org\/{rel}","templated":true}]}}