{"id":68,"date":"2019-10-13T17:19:34","date_gmt":"2019-10-13T15:19:34","guid":{"rendered":"http:\/\/lymphspezialisten.de\/lymphspezialisten.de\/?page_id=68"},"modified":"2023-11-20T23:25:53","modified_gmt":"2023-11-20T22:25:53","slug":"datenschutz","status":"publish","type":"page","link":"https:\/\/lymphspezialisten.de\/?page_id=68","title":{"rendered":"Datenschutz"},"content":{"rendered":"\n<p>Sehr geehrte Patientin, sehr geehrter Patient,<\/p>\n\n\n\n<p>der  Schutz Ihrer personenbezogenen Daten ist uns wichtig. Nach der  EU-Datenschutz-Grundverordnung (DSGVO) sind wir verpflichtet, Sie  dar\u00fcber zu informieren, zu welchem Zweck unsere Praxis Daten erhebt,  speichert oder weiterleitet. Der Information k\u00f6nnen Sie auch entnehmen,  welche Rechte Sie in puncto Datenschutz haben.<\/p>\n\n\n\n<h2 class=\"wp-block-heading\"><strong>1. VERANTWORTLICHKEIT F\u00dcR DIE DATENVERARBEITUNG<\/strong><\/h2>\n\n\n\n<p>Verantwortlich f\u00fcr die Datenverarbeitung: Said-Ali Hashemi<\/p>\n\n\n\n<p><strong>Praxisname<\/strong>: Die Lymphspezialisten<br><strong>Adresse<\/strong>:<br>Bei der Rolandsm\u00fchle 6         <br>22765 Hamburg<br>Tel.: 040 855 085 19<br>E-Mail: info@lymphspezialisten.de<\/p>\n\n\n\n<h2 class=\"wp-block-heading\"><strong>2. ZWECK DER DATENVERARBEITUNG<\/strong><\/h2>\n\n\n\n<p>Die  Datenverarbeitung erfolgt aufgrund gesetzlicher Vorgaben, um den  Behandlungsvertrag zwischen Ihnen und Ihrem Arzt und die damit  verbundenen Pflichten zu erf\u00fcllen. Hierzu verarbeiten wir Ihre  personenbezogenen Daten, insbesondere Ihre Gesundheitsdaten. Dazu z\u00e4hlen  Anamnesen, Diagnosen, Therapievorschl\u00e4ge und Befunde, die wir oder  andere \u00c4rzte erheben. Zu diesen Zwecken k\u00f6nnen uns auch andere \u00c4rzte  oder Psychotherapeuten, bei denen Sie in Behandlung sind, Daten zur  Verf\u00fcgung stellen (z.B. in Arztbriefen). Die Erhebung von  Gesundheitsdaten ist Voraussetzung f\u00fcr Ihre Behandlung. Werden die  notwendigen Informationen nicht bereitgestellt, kann eine sorgf\u00e4ltige  Behandlung nicht erfolgen.<\/p>\n\n\n\n<h2 class=\"wp-block-heading\"><strong>3. EMPF\u00c4NGER IHRER DATEN<\/strong><\/h2>\n\n\n\n<p>Wir  \u00fcbermitteln Ihre personenbezogenen Daten nur dann an Dritte, wenn dies  gesetzlich erlaubt ist oder Sie eingewilligt haben. Empf\u00e4nger Ihrer  personenbezogenen Daten k\u00f6nnen vor allem andere \u00c4rzte \/  Psychotherapeuten, Kassen\u00e4rztliche Vereinigungen, Krankenkassen, der  Medizinische Dienst der Krankenversicherung, \u00c4rztekammern und  privat\u00e4rztliche Verrechnungsstellen sein. Die \u00dcbermittlung erfolgt  \u00fcberwiegend zum Zwecke der Abrechnung der bei Ihnen erbrachten  Leistungen, zur Kl\u00e4rung von medizinischen und sich aus Ihrem  Versicherungsverh\u00e4ltnis ergebenden Fragen. Im Einzelfall erfolgt die  \u00dcbermittlung von Daten an weitere berechtigte Empf\u00e4nger.<\/p>\n\n\n\n<h2 class=\"wp-block-heading\"><strong>4. SPEICHERUNG IHRER DATEN<\/strong><\/h2>\n\n\n\n<p>Wir  bewahren Ihre personenbezogenen Daten nur solange auf, wie dies f\u00fcr die  Durchf\u00fchrung der Behandlung erforderlich ist. Aufgrund rechtlicher  Vorgaben sind wir dazu verpflichtet, diese Daten mindestens 10 Jahre  nach Abschluss der Behandlung aufzubewahren. Nach anderen Vorschriften  k\u00f6nnen sich l\u00e4ngere Aufbewahrungsfristen ergeben, zum Beispiel 30 Jahre  bei R\u00f6ntgenaufzeichnungen laut Paragraf 28 Absatz 3 der  R\u00f6ntgenverordnung<\/p>\n\n\n\n<h2 class=\"wp-block-heading\"><strong>5. IHRE RECHTE<\/strong><\/h2>\n\n\n\n<p>Sie  haben das Recht, \u00fcber die Sie betreffenden personenbezogenen Daten  Auskunft zu erhalten. Auch k\u00f6nnen Sie die Berichtigung unrichtiger Daten  verlangen. Dar\u00fcber hinaus steht Ihnen unter bestimmten Voraussetzungen  das Recht auf L\u00f6schung von Daten, das Recht auf Einschr\u00e4nkung der  Datenverarbeitung sowie das Recht auf Daten\u00fcbertragbarkeit zu. Die  Verarbeitung Ihrer Daten erfolgt auf Basis von gesetzlichen Regelungen.  Nur in Ausnahmef\u00e4llen ben\u00f6tigen wir Ihr Einverst\u00e4ndnis. In diesen F\u00e4llen  haben Sie das Recht, die Einwilligung f\u00fcr die zuk\u00fcnftige Verarbeitung  zu widerrufen. Sie haben ferner das Recht, sich bei der zust\u00e4ndigen  Aufsichtsbeh\u00f6rde f\u00fcr den Datenschutz zu beschweren, wenn Sie der Ansicht  sind, dass die Verarbeitung Ihrer personenbezogenen Daten nicht  rechtm\u00e4\u00dfig erfolgt.<\/p>\n\n\n\n<p><strong>Name<\/strong>: Der Hamburgische Beauftragte f\u00fcr Datenschutz und Informationsfreiheit<\/p>\n\n\n\n<p><strong>Anschrift<\/strong>:<br>Klosterwall 6 (Block C)<br>20095 Hamburg <br><strong>Telefon<\/strong>: 040 42854 &#8211; 4040<br><strong>Telefax<\/strong>: 040 42854 &#8211; 4000<br><strong>E-Mail<\/strong>: mailbox@datenschutz.hamburg.de<br><strong>Internet<\/strong>: http:\/\/www.datenschutz.hamburg.de <\/p>\n\n\n\n<h2 class=\"wp-block-heading\"><strong>6. RECHTLICHE GRUNDLAGEN<\/strong><\/h2>\n\n\n\n<p>Rechtsgrundlage  f\u00fcr die Verarbeitung Ihrer Daten ist Artikel 9 Absatz 2 lit. h) DSGVO  in Verbindung mit Paragraf 22 Absatz 1 Nr. 1 lit. b)  Bundesdatenschutzgesetz. Sollten Sie Fragen haben, k\u00f6nnen Sie sich gern  an uns wenden.<\/p>\n\n\n\n<hr class=\"wp-block-separator has-css-opacity\"\/>\n\n\n\n<p>Ihr Praxisteam<\/p>\n","protected":false},"excerpt":{"rendered":"<p>Sehr geehrte Patientin, sehr geehrter Patient, der Schutz Ihrer personenbezogenen Daten ist uns wichtig. Nach der EU-Datenschutz-Grundverordnung (DSGVO) sind wir verpflichtet, Sie dar\u00fcber zu informieren, zu welchem Zweck unsere Praxis Daten erhebt, speichert oder weiterleitet. Der Information k\u00f6nnen Sie auch entnehmen, welche Rechte Sie in puncto Datenschutz haben. 1. VERANTWORTLICHKEIT F\u00dcR DIE DATENVERARBEITUNG Verantwortlich f\u00fcr [&hellip;]<\/p>\n","protected":false},"author":1,"featured_media":0,"parent":0,"menu_order":0,"comment_status":"closed","ping_status":"closed","template":"","meta":{"footnotes":""},"class_list":["post-68","page","type-page","status-publish","hentry"],"_links":{"self":[{"href":"https:\/\/lymphspezialisten.de\/index.php?rest_route=\/wp\/v2\/pages\/68","targetHints":{"allow":["GET"]}}],"collection":[{"href":"https:\/\/lymphspezialisten.de\/index.php?rest_route=\/wp\/v2\/pages"}],"about":[{"href":"https:\/\/lymphspezialisten.de\/index.php?rest_route=\/wp\/v2\/types\/page"}],"author":[{"embeddable":true,"href":"https:\/\/lymphspezialisten.de\/index.php?rest_route=\/wp\/v2\/users\/1"}],"replies":[{"embeddable":true,"href":"https:\/\/lymphspezialisten.de\/index.php?rest_route=%2Fwp%2Fv2%2Fcomments&post=68"}],"version-history":[{"count":4,"href":"https:\/\/lymphspezialisten.de\/index.php?rest_route=\/wp\/v2\/pages\/68\/revisions"}],"predecessor-version":[{"id":202,"href":"https:\/\/lymphspezialisten.de\/index.php?rest_route=\/wp\/v2\/pages\/68\/revisions\/202"}],"wp:attachment":[{"href":"https:\/\/lymphspezialisten.de\/index.php?rest_route=%2Fwp%2Fv2%2Fmedia&parent=68"}],"curies":[{"name":"wp","href":"https:\/\/api.w.org\/{rel}","templated":true}]}}